{"id":3,"date":"2025-12-11T22:26:29","date_gmt":"2025-12-11T22:26:29","guid":{"rendered":"http:\/\/dentiste-teofanescu.fr\/?page_id=3"},"modified":"2026-01-01T19:02:32","modified_gmt":"2026-01-01T18:02:32","slug":"privacy-policy","status":"publish","type":"page","link":"https:\/\/dentiste-teofanescu.fr\/index.php\/privacy-policy\/","title":{"rendered":"Politique de confidentialit\u00e9"},"content":{"rendered":"\n<p>La consultation de ce site internet\u00a0<a href=\"https:\/\/dentistes-bastia-amurza.fr\/%C2%A0\">https:\/\/dentiste-teofanescu.fr\/<\/a>\u00a0suppose l\u2019acceptation pleine et sans r\u00e9serves des mentions suivantes.<\/p>\n\n\n\n<h2 class=\"wp-block-heading\">Propri\u00e9t\u00e9 du site<\/h2>\n\n\n\n<p>Le site est la propri\u00e9t\u00e9 du Dr Lucian T\u00e9ofanescu, chirurgien-dentiste enregistr\u00e9 au r\u00e9pertoire partag\u00e9 des professionnels de sant\u00e9 (RPPS) sous le num\u00e9ro 10005229264.<\/p>\n\n\n\n<h2 class=\"wp-block-heading\">Si\u00e8ge social<\/h2>\n\n\n\n<h3 class=\"wp-block-heading\">Cabinet dentaire du dr. Lucian TEOFANESCU<\/h3>\n\n\n\n<p>2 Rue Max Karcher<\/p>\n\n\n\n<p>67260 Sarre Union,<\/p>\n\n\n\n<p>SIREN \/ SIRET : 52920288600025<\/p>\n\n\n\n<h2 class=\"wp-block-heading\">D\u00e9veloppement du site<\/h2>\n\n\n\n<p>Le site\u00a0<a href=\"https:\/\/dentistes-bastia-amurza.fr\/%C2%A0\">https:\/\/dentiste-teofanescu.fr\/<\/a>\u00a0est d\u00e9velopp\u00e9 et maintenu par\u00a0<strong>Lucian T\u00e9ofanescu<\/strong>.\u00a0<\/p>\n\n\n\n<p>2, Rue Max Karcher<\/p>\n\n\n\n<p>67260 Sarre Union\u00a0<\/p>\n\n\n\n<h2 class=\"wp-block-heading\">H\u00e9bergement du site<\/h2>\n\n\n\n<p>Le site\u00a0<a href=\"https:\/\/dentistes-bastia-amurza.fr\/\"><\/a><a href=\"https:\/\/dentistes-bastia-amurza.fr\/%C2%A0\">https:\/\/dentiste-teofanescu.fr\/<\/a>\u00a0est h\u00e9berg\u00e9 par la soci\u00e9t\u00e9\u00a0:<\/p>\n\n\n\n<p>OVH SAS<\/p>\n\n\n\n<p>2 rue Kellermann<\/p>\n\n\n\n<p>59100 Roubaix, France<\/p>\n\n\n\n<h2 class=\"wp-block-heading\">\u00c9diteur du site<\/h2>\n\n\n\n<p>Le contenu du site\u00a0<a href=\"https:\/\/dentistes-bastia-amurza.fr\/%C2%A0\">https:\/\/dentiste-teoanescu.fr\/<\/a>\u00a0est \u00e9dit\u00e9 par le Dr. Lucian T\u00e9ofanescu qui assure le r\u00f4le de Directeur de la Publication.<\/p>\n\n\n\n<h2 class=\"wp-block-heading\">Propri\u00e9t\u00e9 intellectuelle<\/h2>\n\n\n\n<p>Le Dr. Lucian T\u00e9ofanescu est propri\u00e9taire de la structure et de tous les contenus disponibles du site\u00a0<a href=\"https:\/\/dentistes-bastia-amurza.fr\/%C2%A0\">https:\/\/dentiste-teofanescu.fr\/<\/a>\u00a0: textes, images, illustrations, logos, fichiers et bases de donn\u00e9es. Toute reproduction ou distribution, totale ou partielle, sans autorisation pr\u00e9alable est strictement interdite.<\/p>\n\n\n\n<h2 class=\"wp-block-heading\">Liens<\/h2>\n\n\n\n<p>Ordre National des Chirurgiens Dentistes (ONCD) :&nbsp;<a href=\"https:\/\/www.ordre-chirurgiens-dentistes.fr\/\">www.ordre-chirurgiens-dentistes.fr<\/a><\/p>\n","protected":false},"excerpt":{"rendered":"<p>La consultation de ce site internet\u00a0https:\/\/dentiste-teofanescu.fr\/\u00a0suppose l\u2019acceptation pleine et sans r\u00e9serves des mentions suivantes. Propri\u00e9t\u00e9 du site Le site est la propri\u00e9t\u00e9 du Dr Lucian T\u00e9ofanescu, chirurgien-dentiste enregistr\u00e9 au r\u00e9pertoire partag\u00e9 des professionnels de sant\u00e9 (RPPS) sous le num\u00e9ro 10005229264. Si\u00e8ge social Cabinet dentaire du dr. Lucian TEOFANESCU 2 Rue Max Karcher 67260 Sarre Union, [&hellip;]<\/p>\n","protected":false},"author":1,"featured_media":0,"parent":0,"menu_order":0,"comment_status":"closed","ping_status":"open","template":"","meta":{"footnotes":""},"class_list":["post-3","page","type-page","status-publish","hentry"],"_links":{"self":[{"href":"https:\/\/dentiste-teofanescu.fr\/index.php\/wp-json\/wp\/v2\/pages\/3","targetHints":{"allow":["GET"]}}],"collection":[{"href":"https:\/\/dentiste-teofanescu.fr\/index.php\/wp-json\/wp\/v2\/pages"}],"about":[{"href":"https:\/\/dentiste-teofanescu.fr\/index.php\/wp-json\/wp\/v2\/types\/page"}],"author":[{"embeddable":true,"href":"https:\/\/dentiste-teofanescu.fr\/index.php\/wp-json\/wp\/v2\/users\/1"}],"replies":[{"embeddable":true,"href":"https:\/\/dentiste-teofanescu.fr\/index.php\/wp-json\/wp\/v2\/comments?post=3"}],"version-history":[{"count":5,"href":"https:\/\/dentiste-teofanescu.fr\/index.php\/wp-json\/wp\/v2\/pages\/3\/revisions"}],"predecessor-version":[{"id":695,"href":"https:\/\/dentiste-teofanescu.fr\/index.php\/wp-json\/wp\/v2\/pages\/3\/revisions\/695"}],"wp:attachment":[{"href":"https:\/\/dentiste-teofanescu.fr\/index.php\/wp-json\/wp\/v2\/media?parent=3"}],"curies":[{"name":"wp","href":"https:\/\/api.w.org\/{rel}","templated":true}]}}