{"id":528,"date":"2025-12-26T00:16:41","date_gmt":"2025-12-25T23:16:41","guid":{"rendered":"https:\/\/dentiste-teofanescu.fr\/?page_id=528"},"modified":"2026-01-03T10:22:52","modified_gmt":"2026-01-03T09:22:52","slug":"prevention","status":"publish","type":"page","link":"https:\/\/dentiste-teofanescu.fr\/index.php\/prevention\/","title":{"rendered":"Pr\u00e9vention"},"content":{"rendered":"\n<figure class=\"wp-block-image alignleft size-full is-resized is-style-rounded wp-duotone-unset-2 is-style-rounded--1\" style=\"margin-top:var(--wp--preset--spacing--20);margin-right:var(--wp--preset--spacing--30);margin-bottom:var(--wp--preset--spacing--20)\"><img loading=\"lazy\" decoding=\"async\" width=\"640\" height=\"427\" src=\"https:\/\/dentiste-teofanescu.fr\/wp-content\/uploads\/2026\/01\/aeropolisseur.jpg\" alt=\"\" class=\"wp-image-752\" style=\"width:497px\" srcset=\"https:\/\/dentiste-teofanescu.fr\/wp-content\/uploads\/2026\/01\/aeropolisseur.jpg 640w, https:\/\/dentiste-teofanescu.fr\/wp-content\/uploads\/2026\/01\/aeropolisseur-300x200.jpg 300w\" sizes=\"auto, (max-width: 640px) 100vw, 640px\" \/><\/figure>\n\n\n\n<p>La prophylaxie dentaire regroupe l\u2019ensemble des soins et conseils visant \u00e0 pr\u00e9venir l\u2019apparition des caries et des maladies de gencives. Elle repose sur une hygi\u00e8ne quotidienne rigoureuse et des s\u00e9ances professionnelles r\u00e9guli\u00e8res au cabinet.<\/p>\n\n\n\n<h4 class=\"wp-block-heading\"><strong>L&rsquo;hygi\u00e8ne bucco-dentaire<\/strong><\/h4>\n\n\n\n<p>La plaque bact\u00e9rienne est le principal facteur responsable des probl\u00e8mes bucco-dentaires. Invisible \u00e0 l\u2019\u0153il nu, elle se forme en quelques heures apr\u00e8s le brossage. Si elle n\u2019est pas \u00e9limin\u00e9e efficacement, elle d\u00e9clenche des inflammations gingivales, se min\u00e9ralise en tartre et provoque dans le temps des pertes osseuses ou des caries.<\/p>\n\n\n\n<p>Un brossage efficace dure au moins deux minutes, se fait au moins deux fois par jour et id\u00e9alement apr\u00e8s chaque repas, avec une brosse souple et un dentifrice fluor\u00e9. Il doit suivre un mouvement vertical ou rotatif, en \u00e9vitant les gestes horizontaux agressifs.<\/p>\n\n\n\n<p>Le fil dentaire et les brossettes interdentaires permettent de nettoyer les zones inaccessibles \u00e0 la brosse, notamment entre les dents et sous les ponts ou appareils.<\/p>\n\n\n\n<p><strong>Utilisation des brossettes interdentaires<\/strong>: Les brossettes sont particuli\u00e8rement recommand\u00e9es en cas d\u2019espaces interdentaires \u00e9largis, de proth\u00e8ses ou d\u2019implants. Leur taille est adapt\u00e9e \u00e0 chaque espace, et leur usage doit \u00eatre quotidien pour contr\u00f4ler l\u2019inflammation gingivale.<\/p>\n\n\n\n<h4 class=\"wp-block-heading\"><strong>Contenu d\u2019une s\u00e9ance de prophylaxie<\/strong><\/h4>\n\n\n\n<p>Chaque s\u00e9ance comprend:<\/p>\n\n\n\n<ul class=\"wp-block-list is-style-checkmark-list\">\n<li>une \u00e9valuation de l\u2019hygi\u00e8ne bucco-dentaire par application d&rsquo;un r\u00e9v\u00e9lateur de plaque bact\u00e9rienne<\/li>\n\n\n\n<li>des conseils personnalis\u00e9s concernant le brossage, l&rsquo;alimentation et les moyens de nettoyage suppl\u00e9mentaires \u00e0 employer (fil ou brossettes interdentaires)<\/li>\n\n\n\n<li>un contr\u00f4le clinique et radiologique pour d\u00e9pister les caries ou les inflammations gingivales \u00e0 leur d\u00e9but<\/li>\n\n\n\n<li>un d\u00e9tartrage complet, <\/li>\n\n\n\n<li>un a\u00e9ropolissage (nettoyage par jet d\u2019eau, d\u2019air et de poudre douce)<\/li>\n\n\n\n<li>une application de fluor si n\u00e9cessaire. <\/li>\n<\/ul>\n\n\n\n<p>Elle est recommand\u00e9e tous les 6 \u00e0 12 mois selon le profil du patient.<\/p>\n\n\n\n<p>Pour les enfants la prophylaxie inclut \u00e9galement le scellement des sillons. C&rsquo;est un acte pr\u00e9ventif visant \u00e0 prot\u00e9ger les molaires d\u00e9finitives contre les caries en appliquant une r\u00e9sine fluide dans les creux naturels de la dent. Cet acte est pris en charge \u00e0 100\u202f% par la CPAM et \/ ou votre compl\u00e9mentaire dans le cadre du dispositif M\u2019T Dents, entre 6 et 15 ans, lorsqu\u2019il est r\u00e9alis\u00e9 sur les premi\u00e8res ou deuxi\u00e8mes molaires permanentes.<\/p>\n","protected":false},"excerpt":{"rendered":"<p>La prophylaxie dentaire regroupe l\u2019ensemble des soins et conseils visant \u00e0 pr\u00e9venir l\u2019apparition des caries et des maladies de gencives. Elle repose sur une hygi\u00e8ne quotidienne rigoureuse et des s\u00e9ances professionnelles r\u00e9guli\u00e8res au cabinet. L&rsquo;hygi\u00e8ne bucco-dentaire La plaque bact\u00e9rienne est le principal facteur responsable des probl\u00e8mes bucco-dentaires. Invisible \u00e0 l\u2019\u0153il nu, elle se forme en [&hellip;]<\/p>\n","protected":false},"author":1,"featured_media":0,"parent":0,"menu_order":0,"comment_status":"closed","ping_status":"closed","template":"teo-page","meta":{"footnotes":""},"class_list":["post-528","page","type-page","status-publish","hentry"],"_links":{"self":[{"href":"https:\/\/dentiste-teofanescu.fr\/index.php\/wp-json\/wp\/v2\/pages\/528","targetHints":{"allow":["GET"]}}],"collection":[{"href":"https:\/\/dentiste-teofanescu.fr\/index.php\/wp-json\/wp\/v2\/pages"}],"about":[{"href":"https:\/\/dentiste-teofanescu.fr\/index.php\/wp-json\/wp\/v2\/types\/page"}],"author":[{"embeddable":true,"href":"https:\/\/dentiste-teofanescu.fr\/index.php\/wp-json\/wp\/v2\/users\/1"}],"replies":[{"embeddable":true,"href":"https:\/\/dentiste-teofanescu.fr\/index.php\/wp-json\/wp\/v2\/comments?post=528"}],"version-history":[{"count":7,"href":"https:\/\/dentiste-teofanescu.fr\/index.php\/wp-json\/wp\/v2\/pages\/528\/revisions"}],"predecessor-version":[{"id":753,"href":"https:\/\/dentiste-teofanescu.fr\/index.php\/wp-json\/wp\/v2\/pages\/528\/revisions\/753"}],"wp:attachment":[{"href":"https:\/\/dentiste-teofanescu.fr\/index.php\/wp-json\/wp\/v2\/media?parent=528"}],"curies":[{"name":"wp","href":"https:\/\/api.w.org\/{rel}","templated":true}]}}